{"id":901,"date":"2023-10-12T18:58:20","date_gmt":"2023-10-12T18:58:20","guid":{"rendered":"https:\/\/ugandihotel.ee\/hea-teada\/"},"modified":"2025-02-01T14:42:41","modified_gmt":"2025-02-01T14:42:41","slug":"good-to-know","status":"publish","type":"page","link":"https:\/\/ugandihotel.ee\/en\/good-to-know\/","title":{"rendered":"Good to know"},"content":{"rendered":"\n<div class=\"wp-block-cover alignfull is-light\" style=\"min-height:430px;aspect-ratio:unset;\"><span aria-hidden=\"true\" class=\"wp-block-cover__background has-background-dim-30 has-background-dim\"><\/span><img loading=\"lazy\" decoding=\"async\" width=\"2560\" height=\"1707\" class=\"wp-block-cover__image-background wp-image-38\" alt=\"\" src=\"https:\/\/ugandihotel.ee\/wp-content\/uploads\/2023\/10\/Ugandi_Hotel_ooteruum-scaled.jpg\" data-object-fit=\"cover\" srcset=\"https:\/\/ugandihotel.ee\/wp-content\/uploads\/2023\/10\/Ugandi_Hotel_ooteruum-scaled.jpg 2560w, https:\/\/ugandihotel.ee\/wp-content\/uploads\/2023\/10\/Ugandi_Hotel_ooteruum-300x200.jpg 300w, https:\/\/ugandihotel.ee\/wp-content\/uploads\/2023\/10\/Ugandi_Hotel_ooteruum-1024x683.jpg 1024w, https:\/\/ugandihotel.ee\/wp-content\/uploads\/2023\/10\/Ugandi_Hotel_ooteruum-768x512.jpg 768w, https:\/\/ugandihotel.ee\/wp-content\/uploads\/2023\/10\/Ugandi_Hotel_ooteruum-1536x1024.jpg 1536w, https:\/\/ugandihotel.ee\/wp-content\/uploads\/2023\/10\/Ugandi_Hotel_ooteruum-2048x1365.jpg 2048w, https:\/\/ugandihotel.ee\/wp-content\/uploads\/2023\/10\/Ugandi_Hotel_ooteruum-1568x1045.jpg 1568w\" sizes=\"auto, (max-width: 2560px) 100vw, 2560px\" \/><div class=\"wp-block-cover__inner-container is-layout-flow wp-block-cover-is-layout-flow\">\n<p class=\"has-text-align-center has-large-font-size\"><\/p>\n<\/div><\/div>\n\n\n\n<div style=\"height:20px\" aria-hidden=\"true\" class=\"wp-block-spacer\"><\/div>\n\n\n\n<div class=\"wp-block-columns alignfull is-layout-flex wp-container-core-columns-is-layout-9d6595d7 wp-block-columns-is-layout-flex\">\n<div class=\"wp-block-column is-layout-flow wp-block-column-is-layout-flow\">\n<div class=\"wp-block-columns alignfull is-layout-flex wp-container-core-columns-is-layout-9d6595d7 wp-block-columns-is-layout-flex\">\n<div class=\"wp-block-column is-layout-flow wp-block-column-is-layout-flow\">\n<h2 class=\"wp-block-heading\"><strong>CONTACTS AND LOCATION<\/strong><\/h2>\n\n\n\n<p>You will find Ugandi Hotel at the top of the hill &#8211; the city\u2019s highest point. Our neighbours include the internationally-recognised <strong>Tehvandi Sports Centre<\/strong>, the country\u2019s first <strong>adventure park<\/strong>, and the largest winter park in Estonia, the <strong>Otep\u00e4\u00e4 Winterplace<\/strong>. The <strong>Tartu Marathon<\/strong> ski run begins outside the hotel\u2019s doors and the surrounding landscapes offer plenty of opportunities for hiking.<\/p>\n\n\n\n<p>The oldest Alpine skiing hill in Estonia, <strong>V\u00e4ike-Munam\u00e4gi<\/strong>, and the wonderful Lake <strong>P\u00fchaj\u00e4rv<\/strong> are just a short walk away. The latter\u2019s unique beauty has been captured by Konrad M\u00e4gi, one of the most highly regarded Estonian painters. Golf fans are hosted by <strong>Otep\u00e4\u00e4 Golf<\/strong>, and we should also mention the world\u2019s best training centre in <strong>K\u00e4\u00e4riku<\/strong>, with both being just a ten-minute drive away. If you would like to visit a large urban centre with plenty of shopping and entertainment, you will find the city of Tartu a mere thirty-minute drive away.<\/p>\n\n\n\n<p>Ugandi Majutus O\u00dc\r\nAddress: Valga mnt 23a, Otep\u00e4\u00e4\r\nTelephone: <a href=\"TEL:\">+372 7311410<\/a>\r\nE-mail: <a href=\"mailto:info@ugandihotel.ee\">info@ugandihotel.ee<\/a><\/p>\n\n\n\n<h2 class=\"wp-block-heading\"><strong>CHECK-IN &amp; CHECK OUT<\/strong><\/h2>\n\n\n\n<p>Check-in: 15:00-20:00\r\nCheck-out: by 12:00\r\nAn earlier or later check-in is possible based on prior agreement and if there are enough available vacancies. When checking out you are required to return your key card and pay for all used services. A contractual penalty applies if you lose or fail to return the key card.<\/p>\n<\/div>\n\n\n\n<div class=\"wp-block-column is-layout-flow wp-block-column-is-layout-flow\">\n<h2 class=\"wp-block-heading\"><strong>PARKING<\/strong><\/h2>\n\n\n\n<p>Parking is free in the hotel parking lot and prior reservation is not required. As an additional option, there are <strong>public Enefit Volt chargers<\/strong> for electric cars in front of the hotel, for a total of two electric cars of all types.<\/p>\n\n\n\n<h2 class=\"wp-block-heading\"><strong>BREAKFAST<\/strong><\/h2>\n\n\n\n<p>Even the ancients knew that breakfast was the most important meal of the day. This is our philosophy too: a fantastic breakfast served in the hotel is a perfect way to start your day. Breakfast is served between 08:00 to 10:00.\r\nThere is hot water, tea, and coffee available in the hotel lobby 24\/7.<\/p>\n\n\n\n<h2 class=\"wp-block-heading\"><strong>PETS<\/strong><\/h2>\n\n\n\n<p>Unfortunately we are unable to host your pets in the hotel.<\/p>\n\n\n\n<h2 class=\"wp-block-heading\"><strong>SPORTS EQUIPMENT STORAGE<\/strong><\/h2>\n\n\n\n<p>Taking sports equipment into your room is not permitted. Equipment can be stored in a designated location. <\/p>\n\n\n\n<h2 class=\"wp-block-heading\"><strong>IF YOU NEED HELP<\/strong><\/h2>\n\n\n\n<p>The hotel\u2019s telephone number for calls within reasonable hours is +372 731 1410<\/p>\n<\/div>\n<\/div>\n<\/div>\n<\/div>\n\n\n\n<div style=\"height:20px\" aria-hidden=\"true\" class=\"wp-block-spacer\"><\/div>\n\n\n\n<div class=\"wp-block-webfactory-map alignfull google-map-edhotels\">\r\n<div class=\"wp-block-webfactory-map\"><iframe loading=\"lazy\" src=\"https:\/\/www.google.com\/maps\/embed\/v1\/place?q=hotell%20murakas&amp;maptype=roadmap&amp;zoom=15&amp;key=AIzaSyDu21TpfU-MuEwU2kFMxIuyEP8nP1tAj4I\" width=\"100%\" height=\"495px\" frameborder=\"0\"><\/iframe><\/div>\r\n<\/div>\n","protected":false},"excerpt":{"rendered":"<p>CONTACTS AND LOCATION You will find Ugandi Hotel at the top of the hill &#8211; the city\u2019s highest point. Our neighbours include the internationally-recognised Tehvandi Sports Centre, the country\u2019s first adventure park, and the largest winter park in Estonia, the Otep\u00e4\u00e4 Winterplace. The Tartu Marathon ski run begins outside the hotel\u2019s doors and the surrounding [&hellip;]<\/p>\n","protected":false},"author":2,"featured_media":0,"parent":0,"menu_order":0,"comment_status":"closed","ping_status":"closed","template":"","meta":{"footnotes":""},"class_list":["post-901","page","type-page","status-publish","hentry"],"yoast_head":"<!-- This site is optimized with the Yoast SEO plugin v26.3 - https:\/\/yoast.com\/wordpress\/plugins\/seo\/ -->\n<title>Good to know - Ugandi Hotell<\/title>\n<meta name=\"robots\" content=\"index, follow, max-snippet:-1, max-image-preview:large, max-video-preview:-1\" \/>\n<link rel=\"canonical\" href=\"https:\/\/ugandihotel.ee\/en\/good-to-know\/\" \/>\n<meta property=\"og:locale\" content=\"en_US\" \/>\n<meta property=\"og:type\" content=\"article\" \/>\n<meta property=\"og:title\" content=\"Good to know - Ugandi Hotell\" \/>\n<meta property=\"og:description\" content=\"CONTACTS AND LOCATION You will find Ugandi Hotel at the top of the hill &#8211; the city\u2019s highest point. Our neighbours include the internationally-recognised Tehvandi Sports Centre, the country\u2019s first adventure park, and the largest winter park in Estonia, the Otep\u00e4\u00e4 Winterplace. The Tartu Marathon ski run begins outside the hotel\u2019s doors and the surrounding [&hellip;]\" \/>\n<meta property=\"og:url\" content=\"https:\/\/ugandihotel.ee\/en\/good-to-know\/\" \/>\n<meta property=\"og:site_name\" content=\"Ugandi Hotell\" \/>\n<meta property=\"article:modified_time\" content=\"2025-02-01T14:42:41+00:00\" \/>\n<meta property=\"og:image\" content=\"https:\/\/ugandihotel.ee\/wp-content\/uploads\/2023\/10\/Ugandi_Hotel_ooteruum-scaled.jpg\" \/>\n\t<meta property=\"og:image:width\" content=\"2560\" \/>\n\t<meta property=\"og:image:height\" content=\"1707\" \/>\n\t<meta property=\"og:image:type\" content=\"image\/jpeg\" \/>\n<meta name=\"twitter:card\" content=\"summary_large_image\" \/>\n<meta name=\"twitter:label1\" content=\"Est. reading time\" \/>\n\t<meta name=\"twitter:data1\" content=\"3 minutes\" \/>\n<script type=\"application\/ld+json\" class=\"yoast-schema-graph\">{\"@context\":\"https:\/\/schema.org\",\"@graph\":[{\"@type\":\"WebPage\",\"@id\":\"https:\/\/ugandihotel.ee\/en\/good-to-know\/\",\"url\":\"https:\/\/ugandihotel.ee\/en\/good-to-know\/\",\"name\":\"Good to know - Ugandi Hotell\",\"isPartOf\":{\"@id\":\"https:\/\/ugandihotel.ee\/#website\"},\"primaryImageOfPage\":{\"@id\":\"https:\/\/ugandihotel.ee\/en\/good-to-know\/#primaryimage\"},\"image\":{\"@id\":\"https:\/\/ugandihotel.ee\/en\/good-to-know\/#primaryimage\"},\"thumbnailUrl\":\"https:\/\/ugandihotel.ee\/wp-content\/uploads\/2023\/10\/Ugandi_Hotel_ooteruum-scaled.jpg\",\"datePublished\":\"2023-10-12T18:58:20+00:00\",\"dateModified\":\"2025-02-01T14:42:41+00:00\",\"breadcrumb\":{\"@id\":\"https:\/\/ugandihotel.ee\/en\/good-to-know\/#breadcrumb\"},\"inLanguage\":\"en-US\",\"potentialAction\":[{\"@type\":\"ReadAction\",\"target\":[\"https:\/\/ugandihotel.ee\/en\/good-to-know\/\"]}]},{\"@type\":\"ImageObject\",\"inLanguage\":\"en-US\",\"@id\":\"https:\/\/ugandihotel.ee\/en\/good-to-know\/#primaryimage\",\"url\":\"https:\/\/ugandihotel.ee\/wp-content\/uploads\/2023\/10\/Ugandi_Hotel_ooteruum-scaled.jpg\",\"contentUrl\":\"https:\/\/ugandihotel.ee\/wp-content\/uploads\/2023\/10\/Ugandi_Hotel_ooteruum-scaled.jpg\"},{\"@type\":\"BreadcrumbList\",\"@id\":\"https:\/\/ugandihotel.ee\/en\/good-to-know\/#breadcrumb\",\"itemListElement\":[{\"@type\":\"ListItem\",\"position\":1,\"name\":\"Home\",\"item\":\"https:\/\/ugandihotel.ee\/en\/\"},{\"@type\":\"ListItem\",\"position\":2,\"name\":\"Good to know\"}]},{\"@type\":\"WebSite\",\"@id\":\"https:\/\/ugandihotel.ee\/#website\",\"url\":\"https:\/\/ugandihotel.ee\/\",\"name\":\"Ugandi Hotell\",\"description\":\"\",\"potentialAction\":[{\"@type\":\"SearchAction\",\"target\":{\"@type\":\"EntryPoint\",\"urlTemplate\":\"https:\/\/ugandihotel.ee\/?s={search_term_string}\"},\"query-input\":{\"@type\":\"PropertyValueSpecification\",\"valueRequired\":true,\"valueName\":\"search_term_string\"}}],\"inLanguage\":\"en-US\"}]}<\/script>\n<!-- \/ Yoast SEO plugin. -->","yoast_head_json":{"title":"Good to know - Ugandi Hotell","robots":{"index":"index","follow":"follow","max-snippet":"max-snippet:-1","max-image-preview":"max-image-preview:large","max-video-preview":"max-video-preview:-1"},"canonical":"https:\/\/ugandihotel.ee\/en\/good-to-know\/","og_locale":"en_US","og_type":"article","og_title":"Good to know - Ugandi Hotell","og_description":"CONTACTS AND LOCATION You will find Ugandi Hotel at the top of the hill &#8211; the city\u2019s highest point. Our neighbours include the internationally-recognised Tehvandi Sports Centre, the country\u2019s first adventure park, and the largest winter park in Estonia, the Otep\u00e4\u00e4 Winterplace. The Tartu Marathon ski run begins outside the hotel\u2019s doors and the surrounding [&hellip;]","og_url":"https:\/\/ugandihotel.ee\/en\/good-to-know\/","og_site_name":"Ugandi Hotell","article_modified_time":"2025-02-01T14:42:41+00:00","og_image":[{"width":2560,"height":1707,"url":"https:\/\/ugandihotel.ee\/wp-content\/uploads\/2023\/10\/Ugandi_Hotel_ooteruum-scaled.jpg","type":"image\/jpeg"}],"twitter_card":"summary_large_image","twitter_misc":{"Est. reading time":"3 minutes"},"schema":{"@context":"https:\/\/schema.org","@graph":[{"@type":"WebPage","@id":"https:\/\/ugandihotel.ee\/en\/good-to-know\/","url":"https:\/\/ugandihotel.ee\/en\/good-to-know\/","name":"Good to know - Ugandi Hotell","isPartOf":{"@id":"https:\/\/ugandihotel.ee\/#website"},"primaryImageOfPage":{"@id":"https:\/\/ugandihotel.ee\/en\/good-to-know\/#primaryimage"},"image":{"@id":"https:\/\/ugandihotel.ee\/en\/good-to-know\/#primaryimage"},"thumbnailUrl":"https:\/\/ugandihotel.ee\/wp-content\/uploads\/2023\/10\/Ugandi_Hotel_ooteruum-scaled.jpg","datePublished":"2023-10-12T18:58:20+00:00","dateModified":"2025-02-01T14:42:41+00:00","breadcrumb":{"@id":"https:\/\/ugandihotel.ee\/en\/good-to-know\/#breadcrumb"},"inLanguage":"en-US","potentialAction":[{"@type":"ReadAction","target":["https:\/\/ugandihotel.ee\/en\/good-to-know\/"]}]},{"@type":"ImageObject","inLanguage":"en-US","@id":"https:\/\/ugandihotel.ee\/en\/good-to-know\/#primaryimage","url":"https:\/\/ugandihotel.ee\/wp-content\/uploads\/2023\/10\/Ugandi_Hotel_ooteruum-scaled.jpg","contentUrl":"https:\/\/ugandihotel.ee\/wp-content\/uploads\/2023\/10\/Ugandi_Hotel_ooteruum-scaled.jpg"},{"@type":"BreadcrumbList","@id":"https:\/\/ugandihotel.ee\/en\/good-to-know\/#breadcrumb","itemListElement":[{"@type":"ListItem","position":1,"name":"Home","item":"https:\/\/ugandihotel.ee\/en\/"},{"@type":"ListItem","position":2,"name":"Good to know"}]},{"@type":"WebSite","@id":"https:\/\/ugandihotel.ee\/#website","url":"https:\/\/ugandihotel.ee\/","name":"Ugandi Hotell","description":"","potentialAction":[{"@type":"SearchAction","target":{"@type":"EntryPoint","urlTemplate":"https:\/\/ugandihotel.ee\/?s={search_term_string}"},"query-input":{"@type":"PropertyValueSpecification","valueRequired":true,"valueName":"search_term_string"}}],"inLanguage":"en-US"}]}},"_links":{"self":[{"href":"https:\/\/ugandihotel.ee\/en\/wp-json\/wp\/v2\/pages\/901","targetHints":{"allow":["GET"]}}],"collection":[{"href":"https:\/\/ugandihotel.ee\/en\/wp-json\/wp\/v2\/pages"}],"about":[{"href":"https:\/\/ugandihotel.ee\/en\/wp-json\/wp\/v2\/types\/page"}],"author":[{"embeddable":true,"href":"https:\/\/ugandihotel.ee\/en\/wp-json\/wp\/v2\/users\/2"}],"replies":[{"embeddable":true,"href":"https:\/\/ugandihotel.ee\/en\/wp-json\/wp\/v2\/comments?post=901"}],"version-history":[{"count":3,"href":"https:\/\/ugandihotel.ee\/en\/wp-json\/wp\/v2\/pages\/901\/revisions"}],"predecessor-version":[{"id":1040,"href":"https:\/\/ugandihotel.ee\/en\/wp-json\/wp\/v2\/pages\/901\/revisions\/1040"}],"wp:attachment":[{"href":"https:\/\/ugandihotel.ee\/en\/wp-json\/wp\/v2\/media?parent=901"}],"curies":[{"name":"wp","href":"https:\/\/api.w.org\/{rel}","templated":true}]}}