{"id":906,"date":"2023-10-12T18:55:33","date_gmt":"2023-10-12T18:55:33","guid":{"rendered":"https:\/\/ugandihotel.ee\/restoran\/"},"modified":"2025-12-13T08:06:27","modified_gmt":"2025-12-13T08:06:27","slug":"restaurant","status":"publish","type":"page","link":"https:\/\/ugandihotel.ee\/en\/restaurant\/","title":{"rendered":"Restaurant"},"content":{"rendered":"\n<div class=\"wp-block-cover alignfull is-light\" style=\"min-height:430px;aspect-ratio:unset;\"><img loading=\"lazy\" decoding=\"async\" width=\"2560\" height=\"1707\" class=\"wp-block-cover__image-background wp-image-333\" alt=\"\" src=\"https:\/\/ugandihotel.ee\/wp-content\/uploads\/2023\/11\/IMGC3019_fullsize_fotograaf.lauri_.laan_-scaled.jpg\" style=\"object-position:46% 47%\" data-object-fit=\"cover\" data-object-position=\"46% 47%\" srcset=\"https:\/\/ugandihotel.ee\/wp-content\/uploads\/2023\/11\/IMGC3019_fullsize_fotograaf.lauri_.laan_-scaled.jpg 2560w, https:\/\/ugandihotel.ee\/wp-content\/uploads\/2023\/11\/IMGC3019_fullsize_fotograaf.lauri_.laan_-300x200.jpg 300w, https:\/\/ugandihotel.ee\/wp-content\/uploads\/2023\/11\/IMGC3019_fullsize_fotograaf.lauri_.laan_-1024x683.jpg 1024w, https:\/\/ugandihotel.ee\/wp-content\/uploads\/2023\/11\/IMGC3019_fullsize_fotograaf.lauri_.laan_-768x512.jpg 768w, https:\/\/ugandihotel.ee\/wp-content\/uploads\/2023\/11\/IMGC3019_fullsize_fotograaf.lauri_.laan_-1536x1024.jpg 1536w, https:\/\/ugandihotel.ee\/wp-content\/uploads\/2023\/11\/IMGC3019_fullsize_fotograaf.lauri_.laan_-2048x1366.jpg 2048w, https:\/\/ugandihotel.ee\/wp-content\/uploads\/2023\/11\/IMGC3019_fullsize_fotograaf.lauri_.laan_-1568x1046.jpg 1568w\" sizes=\"auto, (max-width: 2560px) 100vw, 2560px\" \/><span aria-hidden=\"true\" class=\"wp-block-cover__background has-background-dim-30 has-background-dim\"><\/span><div class=\"wp-block-cover__inner-container is-layout-flow wp-block-cover-is-layout-flow\">\n<p class=\"has-text-align-center has-large-font-size\"><strong><mark style=\"background-color:rgba(0, 0, 0, 0);color:#ffffff\" class=\"has-inline-color\">UGANDI IS DELICIOUS!<\/mark><\/strong><\/p>\n<\/div><\/div>\n\n\n\n<div style=\"height:19px\" aria-hidden=\"true\" class=\"wp-block-spacer\"><\/div>\n\n\n\n<div class=\"wp-block-columns alignfull is-layout-flex wp-container-core-columns-is-layout-9d6595d7 wp-block-columns-is-layout-flex\">\n<div class=\"wp-block-column is-layout-flow wp-block-column-is-layout-flow\">\n<div class=\"wp-block-columns is-layout-flex wp-container-core-columns-is-layout-9d6595d7 wp-block-columns-is-layout-flex\">\n<div class=\"wp-block-column is-layout-flow wp-block-column-is-layout-flow\">\n<p style=\"font-size:20px\">At lunchtime and in the evenings the <strong>Ugandi Resto<\/strong> is just a short walk away and is ready to cater to your requirements. For more than twenty-four years they have been doing everything in their power to make sure that everyone who steps inside is a little happier when they leave. Ugandi Resto integrates Nordic flavours with the Mediterranean culinary philosophy. Two different traditional European food cultures meet here, and the outcome is a true explosion of flavour. Dishes which are prepared by them are exciting and unique, serving to integrate the best features of both cuisines and providing balanced and flavour-filled culinary experiences.<\/p>\n\n\n\n<p style=\"font-size:20px\">Ugandi Resto is a relaxed restaurant which offers great dishes, pleasant service, and a tasteful interior. The focal ideas of dishes which are offered here are the longer lives and better health of the people of the Mediterranean and the Nordic philosophy of using local raw materials. They like the fact that the opportunity to enjoy dishes with friends and family is one of the most significant parts of the local food culture<\/p>\n\n\n\n<p style=\"font-size:20px\">The restaurant\u2019s name comes from Ugandi, one of Estonia\u2019s wealthiest \u2018Ancient Era\u2019 states, which had its centre at Otep\u00e4\u00e4. The interior design is respectful of the area\u2019s rich history, while also characterising modern Otep\u00e4\u00e4. Ugandi Resto\u2019s second floor may also be referred to as the Estonian flag room. Otep\u00e4\u00e4 is the birthplace of the Estonian tricolour and, to celebrate that, the entire floor has been dedicated to the national flag.<\/p>\n\n\n\n<p style=\"font-size:20px\">The restaurant\u2019s summer garden is the largest in Otep\u00e4\u00e4. The summer garden, which can take a hundred and fifty people, brings its patrons right up alongside Otep\u00e4\u00e4\u2019s gorgeous nature, while the second floor, which seats eighty people, offers beautiful views of Otep\u00e4\u00e4\u2019s central square, as well as the historic hill fort and church.<\/p>\n\n\n\n<p style=\"font-size:20px\">Ugandi Resto is a three-time winner of the Silverspoon 2024 gastronomy competition (Best Casual Dining, Best Service, Best Chef in Estonia), recognized by the Falstaff restaurant guide as a very good level, and awarded the Gold Label by the Estonian Association of Large Families.<\/p>\n<\/div>\n\n\n\n<div class=\"wp-block-column is-layout-flow wp-block-column-is-layout-flow\">\n<figure class=\"wp-block-gallery has-nested-images columns-3 is-cropped wp-block-gallery-1 is-layout-flex wp-block-gallery-is-layout-flex\">\n<figure class=\"wp-block-image size-large\"><a href=\"https:\/\/ugandihotel.ee\/wp-content\/uploads\/2023\/11\/IMGC3699_fullsize_fotograaf.lauri_.laan_-scaled.jpg\"><img loading=\"lazy\" decoding=\"async\" width=\"1024\" height=\"683\" data-id=\"334\" src=\"https:\/\/ugandihotel.ee\/wp-content\/uploads\/2023\/11\/IMGC3699_fullsize_fotograaf.lauri_.laan_-1024x683.jpg\" alt=\"\" class=\"wp-image-334\" srcset=\"https:\/\/ugandihotel.ee\/wp-content\/uploads\/2023\/11\/IMGC3699_fullsize_fotograaf.lauri_.laan_-1024x683.jpg 1024w, https:\/\/ugandihotel.ee\/wp-content\/uploads\/2023\/11\/IMGC3699_fullsize_fotograaf.lauri_.laan_-300x200.jpg 300w, https:\/\/ugandihotel.ee\/wp-content\/uploads\/2023\/11\/IMGC3699_fullsize_fotograaf.lauri_.laan_-768x512.jpg 768w, https:\/\/ugandihotel.ee\/wp-content\/uploads\/2023\/11\/IMGC3699_fullsize_fotograaf.lauri_.laan_-1536x1024.jpg 1536w, https:\/\/ugandihotel.ee\/wp-content\/uploads\/2023\/11\/IMGC3699_fullsize_fotograaf.lauri_.laan_-2048x1366.jpg 2048w, https:\/\/ugandihotel.ee\/wp-content\/uploads\/2023\/11\/IMGC3699_fullsize_fotograaf.lauri_.laan_-1568x1046.jpg 1568w\" sizes=\"auto, (max-width: 1024px) 100vw, 1024px\" \/><\/a><\/figure>\n\n\n\n<figure class=\"wp-block-image size-large\"><a href=\"https:\/\/ugandihotel.ee\/wp-content\/uploads\/2024\/11\/Ugandi-Resto-2.jpg\"><img loading=\"lazy\" decoding=\"async\" width=\"1024\" height=\"683\" data-id=\"1013\" src=\"https:\/\/ugandihotel.ee\/wp-content\/uploads\/2024\/11\/Ugandi-Resto-2-1024x683.jpg\" alt=\"\" class=\"wp-image-1013\" srcset=\"https:\/\/ugandihotel.ee\/wp-content\/uploads\/2024\/11\/Ugandi-Resto-2-1024x683.jpg 1024w, https:\/\/ugandihotel.ee\/wp-content\/uploads\/2024\/11\/Ugandi-Resto-2-300x200.jpg 300w, https:\/\/ugandihotel.ee\/wp-content\/uploads\/2024\/11\/Ugandi-Resto-2-768x512.jpg 768w, https:\/\/ugandihotel.ee\/wp-content\/uploads\/2024\/11\/Ugandi-Resto-2-1536x1024.jpg 1536w, https:\/\/ugandihotel.ee\/wp-content\/uploads\/2024\/11\/Ugandi-Resto-2-2048x1365.jpg 2048w, https:\/\/ugandihotel.ee\/wp-content\/uploads\/2024\/11\/Ugandi-Resto-2-1568x1045.jpg 1568w\" sizes=\"auto, (max-width: 1024px) 100vw, 1024px\" \/><\/a><\/figure>\n\n\n\n<figure class=\"wp-block-image size-large\"><a href=\"https:\/\/ugandihotel.ee\/wp-content\/uploads\/2024\/11\/Ugandi-Resto-1.jpg\"><img loading=\"lazy\" decoding=\"async\" width=\"1024\" height=\"683\" data-id=\"1011\" src=\"https:\/\/ugandihotel.ee\/wp-content\/uploads\/2024\/11\/Ugandi-Resto-1-1024x683.jpg\" alt=\"\" class=\"wp-image-1011\" srcset=\"https:\/\/ugandihotel.ee\/wp-content\/uploads\/2024\/11\/Ugandi-Resto-1-1024x683.jpg 1024w, https:\/\/ugandihotel.ee\/wp-content\/uploads\/2024\/11\/Ugandi-Resto-1-300x200.jpg 300w, https:\/\/ugandihotel.ee\/wp-content\/uploads\/2024\/11\/Ugandi-Resto-1-768x512.jpg 768w, https:\/\/ugandihotel.ee\/wp-content\/uploads\/2024\/11\/Ugandi-Resto-1-1536x1025.jpg 1536w, https:\/\/ugandihotel.ee\/wp-content\/uploads\/2024\/11\/Ugandi-Resto-1-2048x1366.jpg 2048w, https:\/\/ugandihotel.ee\/wp-content\/uploads\/2024\/11\/Ugandi-Resto-1-1568x1046.jpg 1568w\" sizes=\"auto, (max-width: 1024px) 100vw, 1024px\" \/><\/a><\/figure>\n\n\n\n<figure class=\"wp-block-image size-large\"><a href=\"https:\/\/ugandihotel.ee\/wp-content\/uploads\/2023\/10\/Ugandi_Resto_forellifilee-scaled.jpg\"><img loading=\"lazy\" decoding=\"async\" width=\"1024\" height=\"683\" data-id=\"195\" src=\"https:\/\/ugandihotel.ee\/wp-content\/uploads\/2023\/10\/Ugandi_Resto_forellifilee-1024x683.jpg\" alt=\"\" class=\"wp-image-195\" srcset=\"https:\/\/ugandihotel.ee\/wp-content\/uploads\/2023\/10\/Ugandi_Resto_forellifilee-1024x683.jpg 1024w, https:\/\/ugandihotel.ee\/wp-content\/uploads\/2023\/10\/Ugandi_Resto_forellifilee-300x200.jpg 300w, https:\/\/ugandihotel.ee\/wp-content\/uploads\/2023\/10\/Ugandi_Resto_forellifilee-768x512.jpg 768w, https:\/\/ugandihotel.ee\/wp-content\/uploads\/2023\/10\/Ugandi_Resto_forellifilee-1536x1024.jpg 1536w, https:\/\/ugandihotel.ee\/wp-content\/uploads\/2023\/10\/Ugandi_Resto_forellifilee-2048x1365.jpg 2048w, https:\/\/ugandihotel.ee\/wp-content\/uploads\/2023\/10\/Ugandi_Resto_forellifilee-1568x1045.jpg 1568w\" sizes=\"auto, (max-width: 1024px) 100vw, 1024px\" \/><\/a><\/figure>\n\n\n\n<figure class=\"wp-block-image size-large\"><a href=\"https:\/\/ugandihotel.ee\/wp-content\/uploads\/2023\/10\/Ugandi_Resto_seltskond-scaled.jpg\"><img loading=\"lazy\" decoding=\"async\" width=\"1024\" height=\"683\" data-id=\"202\" src=\"https:\/\/ugandihotel.ee\/wp-content\/uploads\/2023\/10\/Ugandi_Resto_seltskond-1024x683.jpg\" alt=\"\" class=\"wp-image-202\" srcset=\"https:\/\/ugandihotel.ee\/wp-content\/uploads\/2023\/10\/Ugandi_Resto_seltskond-1024x683.jpg 1024w, https:\/\/ugandihotel.ee\/wp-content\/uploads\/2023\/10\/Ugandi_Resto_seltskond-300x200.jpg 300w, https:\/\/ugandihotel.ee\/wp-content\/uploads\/2023\/10\/Ugandi_Resto_seltskond-768x512.jpg 768w, https:\/\/ugandihotel.ee\/wp-content\/uploads\/2023\/10\/Ugandi_Resto_seltskond-1536x1024.jpg 1536w, https:\/\/ugandihotel.ee\/wp-content\/uploads\/2023\/10\/Ugandi_Resto_seltskond-2048x1365.jpg 2048w, https:\/\/ugandihotel.ee\/wp-content\/uploads\/2023\/10\/Ugandi_Resto_seltskond-1568x1045.jpg 1568w\" sizes=\"auto, (max-width: 1024px) 100vw, 1024px\" \/><\/a><\/figure>\n\n\n\n<figure class=\"wp-block-image size-large\"><a href=\"https:\/\/ugandihotel.ee\/wp-content\/uploads\/2023\/10\/Ugandi_Resto_pasta.jpg\"><img loading=\"lazy\" decoding=\"async\" width=\"1024\" height=\"683\" data-id=\"198\" src=\"https:\/\/ugandihotel.ee\/wp-content\/uploads\/2023\/10\/Ugandi_Resto_pasta.jpg\" alt=\"\" class=\"wp-image-198\" srcset=\"https:\/\/ugandihotel.ee\/wp-content\/uploads\/2023\/10\/Ugandi_Resto_pasta.jpg 1024w, https:\/\/ugandihotel.ee\/wp-content\/uploads\/2023\/10\/Ugandi_Resto_pasta-300x200.jpg 300w, https:\/\/ugandihotel.ee\/wp-content\/uploads\/2023\/10\/Ugandi_Resto_pasta-768x512.jpg 768w\" sizes=\"auto, (max-width: 1024px) 100vw, 1024px\" \/><\/a><\/figure>\n\n\n\n<figure class=\"wp-block-image size-large\"><a href=\"https:\/\/ugandihotel.ee\/wp-content\/uploads\/2023\/10\/Ugandi_Resto_droonivaade.jpg\"><img loading=\"lazy\" decoding=\"async\" width=\"1024\" height=\"682\" data-id=\"204\" src=\"https:\/\/ugandihotel.ee\/wp-content\/uploads\/2023\/10\/Ugandi_Resto_droonivaade-1024x682.jpg\" alt=\"\" class=\"wp-image-204\" srcset=\"https:\/\/ugandihotel.ee\/wp-content\/uploads\/2023\/10\/Ugandi_Resto_droonivaade-1024x682.jpg 1024w, https:\/\/ugandihotel.ee\/wp-content\/uploads\/2023\/10\/Ugandi_Resto_droonivaade-300x200.jpg 300w, https:\/\/ugandihotel.ee\/wp-content\/uploads\/2023\/10\/Ugandi_Resto_droonivaade-768x512.jpg 768w, https:\/\/ugandihotel.ee\/wp-content\/uploads\/2023\/10\/Ugandi_Resto_droonivaade-1536x1023.jpg 1536w, https:\/\/ugandihotel.ee\/wp-content\/uploads\/2023\/10\/Ugandi_Resto_droonivaade-1568x1044.jpg 1568w, https:\/\/ugandihotel.ee\/wp-content\/uploads\/2023\/10\/Ugandi_Resto_droonivaade.jpg 1680w\" sizes=\"auto, (max-width: 1024px) 100vw, 1024px\" \/><\/a><\/figure>\n<\/figure>\n<\/div>\n<\/div>\n<\/div>\n<\/div>\n\n\n\n<div class=\"wp-block-columns alignfull are-vertically-aligned-center is-layout-flex wp-container-core-columns-is-layout-9d6595d7 wp-block-columns-is-layout-flex\">\n<div class=\"wp-block-column is-vertically-aligned-center is-layout-flow wp-block-column-is-layout-flow\">\n<p class=\"has-text-align-center\" style=\"font-size:20px\"><img loading=\"lazy\" decoding=\"async\" width=\"100\" height=\"100\" class=\"wp-image-1006\" style=\"width: 100px;\" src=\"https:\/\/ugandihotel.ee\/wp-content\/uploads\/2024\/11\/Silverspoon2024_UgandiResto_Winner.png\" alt=\"\" srcset=\"https:\/\/ugandihotel.ee\/wp-content\/uploads\/2024\/11\/Silverspoon2024_UgandiResto_Winner.png 567w, https:\/\/ugandihotel.ee\/wp-content\/uploads\/2024\/11\/Silverspoon2024_UgandiResto_Winner-300x300.png 300w, https:\/\/ugandihotel.ee\/wp-content\/uploads\/2024\/11\/Silverspoon2024_UgandiResto_Winner-150x150.png 150w\" sizes=\"auto, (max-width: 100px) 100vw, 100px\" \/>   <img loading=\"lazy\" decoding=\"async\" width=\"71\" height=\"100\" class=\"wp-image-1008\" style=\"width: 71px;\" src=\"https:\/\/ugandihotel.ee\/wp-content\/uploads\/2024\/11\/Falstaff-2025-Ugandi-Resto.png\" alt=\"\" srcset=\"https:\/\/ugandihotel.ee\/wp-content\/uploads\/2024\/11\/Falstaff-2025-Ugandi-Resto.png 1654w, https:\/\/ugandihotel.ee\/wp-content\/uploads\/2024\/11\/Falstaff-2025-Ugandi-Resto-212x300.png 212w, https:\/\/ugandihotel.ee\/wp-content\/uploads\/2024\/11\/Falstaff-2025-Ugandi-Resto-724x1024.png 724w, https:\/\/ugandihotel.ee\/wp-content\/uploads\/2024\/11\/Falstaff-2025-Ugandi-Resto-768x1086.png 768w, https:\/\/ugandihotel.ee\/wp-content\/uploads\/2024\/11\/Falstaff-2025-Ugandi-Resto-1086x1536.png 1086w, https:\/\/ugandihotel.ee\/wp-content\/uploads\/2024\/11\/Falstaff-2025-Ugandi-Resto-1448x2048.png 1448w, https:\/\/ugandihotel.ee\/wp-content\/uploads\/2024\/11\/Falstaff-2025-Ugandi-Resto-1568x2217.png 1568w\" sizes=\"auto, (max-width: 71px) 100vw, 71px\" \/>   <img loading=\"lazy\" decoding=\"async\" width=\"100\" height=\"99\" class=\"wp-image-534\" style=\"width: 100px;\" src=\"https:\/\/ugandihotel.ee\/wp-content\/uploads\/2023\/11\/Kuldmargis_UgandiResto.png\" alt=\"\" srcset=\"https:\/\/ugandihotel.ee\/wp-content\/uploads\/2023\/11\/Kuldmargis_UgandiResto.png 2501w, https:\/\/ugandihotel.ee\/wp-content\/uploads\/2023\/11\/Kuldmargis_UgandiResto-300x298.png 300w, https:\/\/ugandihotel.ee\/wp-content\/uploads\/2023\/11\/Kuldmargis_UgandiResto-1024x1017.png 1024w, https:\/\/ugandihotel.ee\/wp-content\/uploads\/2023\/11\/Kuldmargis_UgandiResto-150x150.png 150w, https:\/\/ugandihotel.ee\/wp-content\/uploads\/2023\/11\/Kuldmargis_UgandiResto-768x763.png 768w, https:\/\/ugandihotel.ee\/wp-content\/uploads\/2023\/11\/Kuldmargis_UgandiResto-1536x1526.png 1536w, https:\/\/ugandihotel.ee\/wp-content\/uploads\/2023\/11\/Kuldmargis_UgandiResto-2048x2035.png 2048w, https:\/\/ugandihotel.ee\/wp-content\/uploads\/2023\/11\/Kuldmargis_UgandiResto-1568x1558.png 1568w\" sizes=\"auto, (max-width: 100px) 100vw, 100px\" \/><\/p>\n\n\n\n<p class=\"has-text-align-center\" style=\"font-size:20px\">Open: SUN-THU 11-22 &amp; FRI-SAT 11-23. The kitchen closes an hour earlier.<\/p>\n\n\n\n<p class=\"has-text-align-center\" style=\"font-size:20px\">Webpage: <a href=\"https:\/\/ugandihotel.ee\/en\/\">www.ugandiresto.ee<\/a><\/p>\n\n\n\n<p class=\"has-text-align-center\" style=\"font-size:20px\">Telephone: <a href=\"tel:\">+372 58334422<\/a><\/p>\n\n\n\n<ul class=\"wp-block-social-links is-content-justification-center is-layout-flex wp-container-core-social-links-is-layout-16018d1d wp-block-social-links-is-layout-flex\"><li class=\"wp-social-link wp-social-link-facebook  wp-block-social-link\"><a href=\"https:\/\/www.facebook.com\/ugandiresto\" class=\"wp-block-social-link-anchor\"><svg width=\"24\" height=\"24\" viewBox=\"0 0 24 24\" version=\"1.1\" xmlns=\"http:\/\/www.w3.org\/2000\/svg\" aria-hidden=\"true\" focusable=\"false\"><path d=\"M12 2C6.5 2 2 6.5 2 12c0 5 3.7 9.1 8.4 9.9v-7H7.9V12h2.5V9.8c0-2.5 1.5-3.9 3.8-3.9 1.1 0 2.2.2 2.2.2v2.5h-1.3c-1.2 0-1.6.8-1.6 1.6V12h2.8l-.4 2.9h-2.3v7C18.3 21.1 22 17 22 12c0-5.5-4.5-10-10-10z\"><\/path><\/svg><span class=\"wp-block-social-link-label screen-reader-text\">Facebook<\/span><\/a><\/li>\n\n<li class=\"wp-social-link wp-social-link-instagram  wp-block-social-link\"><a href=\"https:\/\/www.instagram.com\/ugandiresto\/\" class=\"wp-block-social-link-anchor\"><svg width=\"24\" height=\"24\" viewBox=\"0 0 24 24\" version=\"1.1\" xmlns=\"http:\/\/www.w3.org\/2000\/svg\" aria-hidden=\"true\" focusable=\"false\"><path d=\"M12,4.622c2.403,0,2.688,0.009,3.637,0.052c0.877,0.04,1.354,0.187,1.671,0.31c0.42,0.163,0.72,0.358,1.035,0.673 c0.315,0.315,0.51,0.615,0.673,1.035c0.123,0.317,0.27,0.794,0.31,1.671c0.043,0.949,0.052,1.234,0.052,3.637 s-0.009,2.688-0.052,3.637c-0.04,0.877-0.187,1.354-0.31,1.671c-0.163,0.42-0.358,0.72-0.673,1.035 c-0.315,0.315-0.615,0.51-1.035,0.673c-0.317,0.123-0.794,0.27-1.671,0.31c-0.949,0.043-1.233,0.052-3.637,0.052 s-2.688-0.009-3.637-0.052c-0.877-0.04-1.354-0.187-1.671-0.31c-0.42-0.163-0.72-0.358-1.035-0.673 c-0.315-0.315-0.51-0.615-0.673-1.035c-0.123-0.317-0.27-0.794-0.31-1.671C4.631,14.688,4.622,14.403,4.622,12 s0.009-2.688,0.052-3.637c0.04-0.877,0.187-1.354,0.31-1.671c0.163-0.42,0.358-0.72,0.673-1.035 c0.315-0.315,0.615-0.51,1.035-0.673c0.317-0.123,0.794-0.27,1.671-0.31C9.312,4.631,9.597,4.622,12,4.622 M12,3 C9.556,3,9.249,3.01,8.289,3.054C7.331,3.098,6.677,3.25,6.105,3.472C5.513,3.702,5.011,4.01,4.511,4.511 c-0.5,0.5-0.808,1.002-1.038,1.594C3.25,6.677,3.098,7.331,3.054,8.289C3.01,9.249,3,9.556,3,12c0,2.444,0.01,2.751,0.054,3.711 c0.044,0.958,0.196,1.612,0.418,2.185c0.23,0.592,0.538,1.094,1.038,1.594c0.5,0.5,1.002,0.808,1.594,1.038 c0.572,0.222,1.227,0.375,2.185,0.418C9.249,20.99,9.556,21,12,21s2.751-0.01,3.711-0.054c0.958-0.044,1.612-0.196,2.185-0.418 c0.592-0.23,1.094-0.538,1.594-1.038c0.5-0.5,0.808-1.002,1.038-1.594c0.222-0.572,0.375-1.227,0.418-2.185 C20.99,14.751,21,14.444,21,12s-0.01-2.751-0.054-3.711c-0.044-0.958-0.196-1.612-0.418-2.185c-0.23-0.592-0.538-1.094-1.038-1.594 c-0.5-0.5-1.002-0.808-1.594-1.038c-0.572-0.222-1.227-0.375-2.185-0.418C14.751,3.01,14.444,3,12,3L12,3z M12,7.378 c-2.552,0-4.622,2.069-4.622,4.622S9.448,16.622,12,16.622s4.622-2.069,4.622-4.622S14.552,7.378,12,7.378z M12,15 c-1.657,0-3-1.343-3-3s1.343-3,3-3s3,1.343,3,3S13.657,15,12,15z M16.804,6.116c-0.596,0-1.08,0.484-1.08,1.08 s0.484,1.08,1.08,1.08c0.596,0,1.08-0.484,1.08-1.08S17.401,6.116,16.804,6.116z\"><\/path><\/svg><span class=\"wp-block-social-link-label screen-reader-text\">Instagram<\/span><\/a><\/li><\/ul>\n<\/div>\n<\/div>\n\n\n\n<div style=\"height:20px\" aria-hidden=\"true\" class=\"wp-block-spacer\"><\/div>\n\n\n\n<div class=\"wp-block-edhotels-gallery custom-grid-gallery\"><div class=\"grid lightgallery\"><\/div><\/div>\n\n\n\n<div class=\"wp-block-edhotels-gallery custom-grid-gallery\"><div class=\"grid lightgallery\"><\/div><\/div>\n","protected":false},"excerpt":{"rendered":"<p>At lunchtime and in the evenings the Ugandi Resto is just a short walk away and is ready to cater to your requirements. For more than twenty-four years they have been doing everything in their power to make sure that everyone who steps inside is a little happier when they leave. Ugandi Resto integrates Nordic [&hellip;]<\/p>\n","protected":false},"author":2,"featured_media":0,"parent":0,"menu_order":0,"comment_status":"closed","ping_status":"closed","template":"","meta":{"footnotes":""},"class_list":["post-906","page","type-page","status-publish","hentry"],"yoast_head":"<!-- This site is optimized with the Yoast SEO plugin v26.3 - https:\/\/yoast.com\/wordpress\/plugins\/seo\/ -->\n<title>Restaurant - Ugandi Hotell<\/title>\n<meta name=\"robots\" content=\"index, follow, max-snippet:-1, max-image-preview:large, max-video-preview:-1\" \/>\n<link rel=\"canonical\" href=\"https:\/\/ugandihotel.ee\/en\/restaurant\/\" \/>\n<meta property=\"og:locale\" content=\"en_US\" \/>\n<meta property=\"og:type\" content=\"article\" \/>\n<meta property=\"og:title\" content=\"Restaurant - Ugandi Hotell\" \/>\n<meta property=\"og:description\" content=\"At lunchtime and in the evenings the Ugandi Resto is just a short walk away and is ready to cater to your requirements. For more than twenty-four years they have been doing everything in their power to make sure that everyone who steps inside is a little happier when they leave. Ugandi Resto integrates Nordic [&hellip;]\" \/>\n<meta property=\"og:url\" content=\"https:\/\/ugandihotel.ee\/en\/restaurant\/\" \/>\n<meta property=\"og:site_name\" content=\"Ugandi Hotell\" \/>\n<meta property=\"article:modified_time\" content=\"2025-12-13T08:06:27+00:00\" \/>\n<meta property=\"og:image\" content=\"https:\/\/ugandihotel.ee\/wp-content\/uploads\/2023\/11\/IMGC3019_fullsize_fotograaf.lauri_.laan_-scaled.jpg\" \/>\n\t<meta property=\"og:image:width\" content=\"2560\" \/>\n\t<meta property=\"og:image:height\" content=\"1707\" \/>\n\t<meta property=\"og:image:type\" content=\"image\/jpeg\" \/>\n<meta name=\"twitter:card\" content=\"summary_large_image\" \/>\n<meta name=\"twitter:label1\" content=\"Est. reading time\" \/>\n\t<meta name=\"twitter:data1\" content=\"5 minutes\" \/>\n<script type=\"application\/ld+json\" class=\"yoast-schema-graph\">{\"@context\":\"https:\/\/schema.org\",\"@graph\":[{\"@type\":\"WebPage\",\"@id\":\"https:\/\/ugandihotel.ee\/en\/restaurant\/\",\"url\":\"https:\/\/ugandihotel.ee\/en\/restaurant\/\",\"name\":\"Restaurant - Ugandi Hotell\",\"isPartOf\":{\"@id\":\"https:\/\/ugandihotel.ee\/#website\"},\"primaryImageOfPage\":{\"@id\":\"https:\/\/ugandihotel.ee\/en\/restaurant\/#primaryimage\"},\"image\":{\"@id\":\"https:\/\/ugandihotel.ee\/en\/restaurant\/#primaryimage\"},\"thumbnailUrl\":\"https:\/\/ugandihotel.ee\/wp-content\/uploads\/2023\/11\/IMGC3019_fullsize_fotograaf.lauri_.laan_-scaled.jpg\",\"datePublished\":\"2023-10-12T18:55:33+00:00\",\"dateModified\":\"2025-12-13T08:06:27+00:00\",\"breadcrumb\":{\"@id\":\"https:\/\/ugandihotel.ee\/en\/restaurant\/#breadcrumb\"},\"inLanguage\":\"en-US\",\"potentialAction\":[{\"@type\":\"ReadAction\",\"target\":[\"https:\/\/ugandihotel.ee\/en\/restaurant\/\"]}]},{\"@type\":\"ImageObject\",\"inLanguage\":\"en-US\",\"@id\":\"https:\/\/ugandihotel.ee\/en\/restaurant\/#primaryimage\",\"url\":\"https:\/\/ugandihotel.ee\/wp-content\/uploads\/2023\/11\/IMGC3019_fullsize_fotograaf.lauri_.laan_-scaled.jpg\",\"contentUrl\":\"https:\/\/ugandihotel.ee\/wp-content\/uploads\/2023\/11\/IMGC3019_fullsize_fotograaf.lauri_.laan_-scaled.jpg\"},{\"@type\":\"BreadcrumbList\",\"@id\":\"https:\/\/ugandihotel.ee\/en\/restaurant\/#breadcrumb\",\"itemListElement\":[{\"@type\":\"ListItem\",\"position\":1,\"name\":\"Home\",\"item\":\"https:\/\/ugandihotel.ee\/en\/\"},{\"@type\":\"ListItem\",\"position\":2,\"name\":\"Restaurant\"}]},{\"@type\":\"WebSite\",\"@id\":\"https:\/\/ugandihotel.ee\/#website\",\"url\":\"https:\/\/ugandihotel.ee\/\",\"name\":\"Ugandi Hotell\",\"description\":\"\",\"potentialAction\":[{\"@type\":\"SearchAction\",\"target\":{\"@type\":\"EntryPoint\",\"urlTemplate\":\"https:\/\/ugandihotel.ee\/?s={search_term_string}\"},\"query-input\":{\"@type\":\"PropertyValueSpecification\",\"valueRequired\":true,\"valueName\":\"search_term_string\"}}],\"inLanguage\":\"en-US\"}]}<\/script>\n<!-- \/ Yoast SEO plugin. -->","yoast_head_json":{"title":"Restaurant - Ugandi Hotell","robots":{"index":"index","follow":"follow","max-snippet":"max-snippet:-1","max-image-preview":"max-image-preview:large","max-video-preview":"max-video-preview:-1"},"canonical":"https:\/\/ugandihotel.ee\/en\/restaurant\/","og_locale":"en_US","og_type":"article","og_title":"Restaurant - Ugandi Hotell","og_description":"At lunchtime and in the evenings the Ugandi Resto is just a short walk away and is ready to cater to your requirements. For more than twenty-four years they have been doing everything in their power to make sure that everyone who steps inside is a little happier when they leave. Ugandi Resto integrates Nordic [&hellip;]","og_url":"https:\/\/ugandihotel.ee\/en\/restaurant\/","og_site_name":"Ugandi Hotell","article_modified_time":"2025-12-13T08:06:27+00:00","og_image":[{"width":2560,"height":1707,"url":"https:\/\/ugandihotel.ee\/wp-content\/uploads\/2023\/11\/IMGC3019_fullsize_fotograaf.lauri_.laan_-scaled.jpg","type":"image\/jpeg"}],"twitter_card":"summary_large_image","twitter_misc":{"Est. reading time":"5 minutes"},"schema":{"@context":"https:\/\/schema.org","@graph":[{"@type":"WebPage","@id":"https:\/\/ugandihotel.ee\/en\/restaurant\/","url":"https:\/\/ugandihotel.ee\/en\/restaurant\/","name":"Restaurant - Ugandi Hotell","isPartOf":{"@id":"https:\/\/ugandihotel.ee\/#website"},"primaryImageOfPage":{"@id":"https:\/\/ugandihotel.ee\/en\/restaurant\/#primaryimage"},"image":{"@id":"https:\/\/ugandihotel.ee\/en\/restaurant\/#primaryimage"},"thumbnailUrl":"https:\/\/ugandihotel.ee\/wp-content\/uploads\/2023\/11\/IMGC3019_fullsize_fotograaf.lauri_.laan_-scaled.jpg","datePublished":"2023-10-12T18:55:33+00:00","dateModified":"2025-12-13T08:06:27+00:00","breadcrumb":{"@id":"https:\/\/ugandihotel.ee\/en\/restaurant\/#breadcrumb"},"inLanguage":"en-US","potentialAction":[{"@type":"ReadAction","target":["https:\/\/ugandihotel.ee\/en\/restaurant\/"]}]},{"@type":"ImageObject","inLanguage":"en-US","@id":"https:\/\/ugandihotel.ee\/en\/restaurant\/#primaryimage","url":"https:\/\/ugandihotel.ee\/wp-content\/uploads\/2023\/11\/IMGC3019_fullsize_fotograaf.lauri_.laan_-scaled.jpg","contentUrl":"https:\/\/ugandihotel.ee\/wp-content\/uploads\/2023\/11\/IMGC3019_fullsize_fotograaf.lauri_.laan_-scaled.jpg"},{"@type":"BreadcrumbList","@id":"https:\/\/ugandihotel.ee\/en\/restaurant\/#breadcrumb","itemListElement":[{"@type":"ListItem","position":1,"name":"Home","item":"https:\/\/ugandihotel.ee\/en\/"},{"@type":"ListItem","position":2,"name":"Restaurant"}]},{"@type":"WebSite","@id":"https:\/\/ugandihotel.ee\/#website","url":"https:\/\/ugandihotel.ee\/","name":"Ugandi Hotell","description":"","potentialAction":[{"@type":"SearchAction","target":{"@type":"EntryPoint","urlTemplate":"https:\/\/ugandihotel.ee\/?s={search_term_string}"},"query-input":{"@type":"PropertyValueSpecification","valueRequired":true,"valueName":"search_term_string"}}],"inLanguage":"en-US"}]}},"_links":{"self":[{"href":"https:\/\/ugandihotel.ee\/en\/wp-json\/wp\/v2\/pages\/906","targetHints":{"allow":["GET"]}}],"collection":[{"href":"https:\/\/ugandihotel.ee\/en\/wp-json\/wp\/v2\/pages"}],"about":[{"href":"https:\/\/ugandihotel.ee\/en\/wp-json\/wp\/v2\/types\/page"}],"author":[{"embeddable":true,"href":"https:\/\/ugandihotel.ee\/en\/wp-json\/wp\/v2\/users\/2"}],"replies":[{"embeddable":true,"href":"https:\/\/ugandihotel.ee\/en\/wp-json\/wp\/v2\/comments?post=906"}],"version-history":[{"count":4,"href":"https:\/\/ugandihotel.ee\/en\/wp-json\/wp\/v2\/pages\/906\/revisions"}],"predecessor-version":[{"id":1093,"href":"https:\/\/ugandihotel.ee\/en\/wp-json\/wp\/v2\/pages\/906\/revisions\/1093"}],"wp:attachment":[{"href":"https:\/\/ugandihotel.ee\/en\/wp-json\/wp\/v2\/media?parent=906"}],"curies":[{"name":"wp","href":"https:\/\/api.w.org\/{rel}","templated":true}]}}